{"id":5261,"date":"2022-08-28T14:56:38","date_gmt":"2022-08-28T18:56:38","guid":{"rendered":"https:\/\/bonaireisland.com\/descubrir\/"},"modified":"2022-08-28T14:56:38","modified_gmt":"2022-08-28T18:56:38","slug":"descubrir","status":"publish","type":"page","link":"https:\/\/bonaireisland.com\/es\/descubrir\/","title":{"rendered":"Descubrir"},"content":{"rendered":"","protected":false},"excerpt":{"rendered":"","protected":false},"author":1,"featured_media":4761,"parent":0,"menu_order":0,"comment_status":"closed","ping_status":"closed","template":"landing-page.php","meta":{"_acf_changed":false,"_relevanssi_hide_post":"","_relevanssi_hide_content":"","_relevanssi_pin_for_all":"","_relevanssi_pin_keywords":"","_relevanssi_unpin_keywords":"","_relevanssi_related_keywords":"","_relevanssi_related_include_ids":"","_relevanssi_related_exclude_ids":"","_relevanssi_related_no_append":"","_relevanssi_related_not_related":"","_relevanssi_related_posts":"","_relevanssi_noindex_reason":"","footnotes":""},"class_list":["post-5261","page","type-page","status-publish","has-post-thumbnail","hentry"],"acf":[],"yoast_head":"<!-- This site is optimized with the Yoast SEO plugin v27.3 - https:\/\/yoast.com\/product\/yoast-seo-wordpress\/ -->\n<title>La isla de Bonaire - It\u2019s In Our Nature<\/title>\n<meta name=\"description\" content=\"Bonaire es un lugar diferente a cualquier otro. Aqu\u00ed, menos es m\u00e1s. El aire que respiramos es puro y nuestra gente irradia calor como el sol en nuestros id\u00edlicos cielos azules.\" \/>\n<meta name=\"robots\" content=\"index, follow, max-snippet:-1, max-image-preview:large, max-video-preview:-1\" \/>\n<link rel=\"canonical\" href=\"https:\/\/bonaireisland.com\/es\/descubrir\/\" \/>\n<meta property=\"og:locale\" content=\"es_ES\" \/>\n<meta property=\"og:type\" content=\"article\" \/>\n<meta property=\"og:title\" content=\"La isla de Bonaire - It\u2019s In Our Nature\" \/>\n<meta property=\"og:description\" content=\"Bonaire es un lugar diferente a cualquier otro. Aqu\u00ed, menos es m\u00e1s. El aire que respiramos es puro y nuestra gente irradia calor como el sol en nuestros id\u00edlicos cielos azules.\" \/>\n<meta property=\"og:url\" content=\"https:\/\/bonaireisland.com\/es\/descubrir\/\" \/>\n<meta property=\"og:site_name\" content=\"Island of Bonaire\" \/>\n<meta property=\"og:image\" content=\"https:\/\/bonaireisland.com\/wp-content\/uploads\/2022\/08\/mobile-hero-1.jpeg\" \/>\n\t<meta property=\"og:image:width\" content=\"1000\" \/>\n\t<meta property=\"og:image:height\" content=\"872\" \/>\n\t<meta property=\"og:image:type\" content=\"image\/jpeg\" \/>\n<meta name=\"twitter:card\" content=\"summary_large_image\" \/>\n<script type=\"application\/ld+json\" class=\"yoast-schema-graph\">{\"@context\":\"https:\\\/\\\/schema.org\",\"@graph\":[{\"@type\":\"WebPage\",\"@id\":\"https:\\\/\\\/bonaireisland.com\\\/es\\\/descubrir\\\/\",\"url\":\"https:\\\/\\\/bonaireisland.com\\\/es\\\/descubrir\\\/\",\"name\":\"La isla de Bonaire - It\u2019s In Our Nature\",\"isPartOf\":{\"@id\":\"https:\\\/\\\/bonaireisland.com\\\/es\\\/#website\"},\"primaryImageOfPage\":{\"@id\":\"https:\\\/\\\/bonaireisland.com\\\/es\\\/descubrir\\\/#primaryimage\"},\"image\":{\"@id\":\"https:\\\/\\\/bonaireisland.com\\\/es\\\/descubrir\\\/#primaryimage\"},\"thumbnailUrl\":\"https:\\\/\\\/bonaireisland.com\\\/wp-content\\\/uploads\\\/2022\\\/08\\\/mobile-hero-1.jpeg\",\"datePublished\":\"2022-08-28T18:56:38+00:00\",\"description\":\"Bonaire es un lugar diferente a cualquier otro. Aqu\u00ed, menos es m\u00e1s. El aire que respiramos es puro y nuestra gente irradia calor como el sol en nuestros id\u00edlicos cielos azules.\",\"breadcrumb\":{\"@id\":\"https:\\\/\\\/bonaireisland.com\\\/es\\\/descubrir\\\/#breadcrumb\"},\"inLanguage\":\"es\",\"potentialAction\":[{\"@type\":\"ReadAction\",\"target\":[\"https:\\\/\\\/bonaireisland.com\\\/es\\\/descubrir\\\/\"]}]},{\"@type\":\"ImageObject\",\"inLanguage\":\"es\",\"@id\":\"https:\\\/\\\/bonaireisland.com\\\/es\\\/descubrir\\\/#primaryimage\",\"url\":\"https:\\\/\\\/bonaireisland.com\\\/wp-content\\\/uploads\\\/2022\\\/08\\\/mobile-hero-1.jpeg\",\"contentUrl\":\"https:\\\/\\\/bonaireisland.com\\\/wp-content\\\/uploads\\\/2022\\\/08\\\/mobile-hero-1.jpeg\",\"width\":1000,\"height\":872},{\"@type\":\"BreadcrumbList\",\"@id\":\"https:\\\/\\\/bonaireisland.com\\\/es\\\/descubrir\\\/#breadcrumb\",\"itemListElement\":[{\"@type\":\"ListItem\",\"position\":1,\"name\":\"Inicio\",\"item\":\"https:\\\/\\\/bonaireisland.com\\\/es\\\/\"},{\"@type\":\"ListItem\",\"position\":2,\"name\":\"Descubrir\"}]},{\"@type\":\"WebSite\",\"@id\":\"https:\\\/\\\/bonaireisland.com\\\/es\\\/#website\",\"url\":\"https:\\\/\\\/bonaireisland.com\\\/es\\\/\",\"name\":\"Island of Bonaire\",\"description\":\"It&#039;s In Our Nature\",\"potentialAction\":[{\"@type\":\"SearchAction\",\"target\":{\"@type\":\"EntryPoint\",\"urlTemplate\":\"https:\\\/\\\/bonaireisland.com\\\/es\\\/?s={search_term_string}\"},\"query-input\":{\"@type\":\"PropertyValueSpecification\",\"valueRequired\":true,\"valueName\":\"search_term_string\"}}],\"inLanguage\":\"es\"}]}<\/script>\n<!-- \/ Yoast SEO plugin. -->","yoast_head_json":{"title":"La isla de Bonaire - It\u2019s In Our Nature","description":"Bonaire es un lugar diferente a cualquier otro. Aqu\u00ed, menos es m\u00e1s. El aire que respiramos es puro y nuestra gente irradia calor como el sol en nuestros id\u00edlicos cielos azules.","robots":{"index":"index","follow":"follow","max-snippet":"max-snippet:-1","max-image-preview":"max-image-preview:large","max-video-preview":"max-video-preview:-1"},"canonical":"https:\/\/bonaireisland.com\/es\/descubrir\/","og_locale":"es_ES","og_type":"article","og_title":"La isla de Bonaire - It\u2019s In Our Nature","og_description":"Bonaire es un lugar diferente a cualquier otro. Aqu\u00ed, menos es m\u00e1s. El aire que respiramos es puro y nuestra gente irradia calor como el sol en nuestros id\u00edlicos cielos azules.","og_url":"https:\/\/bonaireisland.com\/es\/descubrir\/","og_site_name":"Island of Bonaire","og_image":[{"width":1000,"height":872,"url":"https:\/\/bonaireisland.com\/wp-content\/uploads\/2022\/08\/mobile-hero-1.jpeg","type":"image\/jpeg"}],"twitter_card":"summary_large_image","schema":{"@context":"https:\/\/schema.org","@graph":[{"@type":"WebPage","@id":"https:\/\/bonaireisland.com\/es\/descubrir\/","url":"https:\/\/bonaireisland.com\/es\/descubrir\/","name":"La isla de Bonaire - It\u2019s In Our Nature","isPartOf":{"@id":"https:\/\/bonaireisland.com\/es\/#website"},"primaryImageOfPage":{"@id":"https:\/\/bonaireisland.com\/es\/descubrir\/#primaryimage"},"image":{"@id":"https:\/\/bonaireisland.com\/es\/descubrir\/#primaryimage"},"thumbnailUrl":"https:\/\/bonaireisland.com\/wp-content\/uploads\/2022\/08\/mobile-hero-1.jpeg","datePublished":"2022-08-28T18:56:38+00:00","description":"Bonaire es un lugar diferente a cualquier otro. Aqu\u00ed, menos es m\u00e1s. El aire que respiramos es puro y nuestra gente irradia calor como el sol en nuestros id\u00edlicos cielos azules.","breadcrumb":{"@id":"https:\/\/bonaireisland.com\/es\/descubrir\/#breadcrumb"},"inLanguage":"es","potentialAction":[{"@type":"ReadAction","target":["https:\/\/bonaireisland.com\/es\/descubrir\/"]}]},{"@type":"ImageObject","inLanguage":"es","@id":"https:\/\/bonaireisland.com\/es\/descubrir\/#primaryimage","url":"https:\/\/bonaireisland.com\/wp-content\/uploads\/2022\/08\/mobile-hero-1.jpeg","contentUrl":"https:\/\/bonaireisland.com\/wp-content\/uploads\/2022\/08\/mobile-hero-1.jpeg","width":1000,"height":872},{"@type":"BreadcrumbList","@id":"https:\/\/bonaireisland.com\/es\/descubrir\/#breadcrumb","itemListElement":[{"@type":"ListItem","position":1,"name":"Inicio","item":"https:\/\/bonaireisland.com\/es\/"},{"@type":"ListItem","position":2,"name":"Descubrir"}]},{"@type":"WebSite","@id":"https:\/\/bonaireisland.com\/es\/#website","url":"https:\/\/bonaireisland.com\/es\/","name":"Island of Bonaire","description":"It&#039;s In Our Nature","potentialAction":[{"@type":"SearchAction","target":{"@type":"EntryPoint","urlTemplate":"https:\/\/bonaireisland.com\/es\/?s={search_term_string}"},"query-input":{"@type":"PropertyValueSpecification","valueRequired":true,"valueName":"search_term_string"}}],"inLanguage":"es"}]}},"_links":{"self":[{"href":"https:\/\/bonaireisland.com\/es\/wp-json\/wp\/v2\/pages\/5261","targetHints":{"allow":["GET"]}}],"collection":[{"href":"https:\/\/bonaireisland.com\/es\/wp-json\/wp\/v2\/pages"}],"about":[{"href":"https:\/\/bonaireisland.com\/es\/wp-json\/wp\/v2\/types\/page"}],"author":[{"embeddable":true,"href":"https:\/\/bonaireisland.com\/es\/wp-json\/wp\/v2\/users\/1"}],"replies":[{"embeddable":true,"href":"https:\/\/bonaireisland.com\/es\/wp-json\/wp\/v2\/comments?post=5261"}],"version-history":[{"count":0,"href":"https:\/\/bonaireisland.com\/es\/wp-json\/wp\/v2\/pages\/5261\/revisions"}],"wp:featuredmedia":[{"embeddable":true,"href":"https:\/\/bonaireisland.com\/es\/wp-json\/wp\/v2\/media\/4761"}],"wp:attachment":[{"href":"https:\/\/bonaireisland.com\/es\/wp-json\/wp\/v2\/media?parent=5261"}],"curies":[{"name":"wp","href":"https:\/\/api.w.org\/{rel}","templated":true}]}}