{"id":5237,"date":"2022-08-03T00:59:13","date_gmt":"2022-08-03T04:59:13","guid":{"rendered":"https:\/\/bonaireisland.com\/planifica-tus-vacaciones\/moverse-por-la-isla\/"},"modified":"2024-08-19T12:57:22","modified_gmt":"2024-08-19T16:57:22","slug":"moverse-por-la-isla","status":"publish","type":"page","link":"https:\/\/bonaireisland.com\/es\/planifica-tus-vacaciones\/moverse-por-la-isla\/","title":{"rendered":"Moverse por la isla"},"content":{"rendered":"","protected":false},"excerpt":{"rendered":"","protected":false},"author":1,"featured_media":0,"parent":5236,"menu_order":0,"comment_status":"closed","ping_status":"closed","template":"","meta":{"_acf_changed":false,"_relevanssi_hide_post":"","_relevanssi_hide_content":"","_relevanssi_pin_for_all":"","_relevanssi_pin_keywords":"","_relevanssi_unpin_keywords":"","_relevanssi_related_keywords":"","_relevanssi_related_include_ids":"","_relevanssi_related_exclude_ids":"","_relevanssi_related_no_append":"","_relevanssi_related_not_related":"","_relevanssi_related_posts":"","_relevanssi_noindex_reason":"","footnotes":""},"class_list":["post-5237","page","type-page","status-publish","hentry"],"acf":[],"yoast_head":"<!-- This site is optimized with the Yoast SEO plugin v27.3 - https:\/\/yoast.com\/product\/yoast-seo-wordpress\/ -->\n<title>Moverse por la isla | Island of Bonaire<\/title>\n<meta name=\"description\" content=\"Obt\u00e9n informaci\u00f3n sobre alquiler de coches, motocicletas, carritos de golf y bicicletas, as\u00ed como servicios de taxi. \u00a1Coge el ferry a Klein Bonaire!\" \/>\n<meta name=\"robots\" content=\"index, follow, max-snippet:-1, max-image-preview:large, max-video-preview:-1\" \/>\n<link rel=\"canonical\" href=\"https:\/\/bonaireisland.com\/es\/planifica-tus-vacaciones\/moverse-por-la-isla\/\" \/>\n<meta property=\"og:locale\" content=\"es_ES\" \/>\n<meta property=\"og:type\" content=\"article\" \/>\n<meta property=\"og:title\" content=\"Moverse por la isla | Island of Bonaire\" \/>\n<meta property=\"og:description\" content=\"Obt\u00e9n informaci\u00f3n sobre alquiler de coches, motocicletas, carritos de golf y bicicletas, as\u00ed como servicios de taxi. \u00a1Coge el ferry a Klein Bonaire!\" \/>\n<meta property=\"og:url\" content=\"https:\/\/bonaireisland.com\/es\/planifica-tus-vacaciones\/moverse-por-la-isla\/\" \/>\n<meta property=\"og:site_name\" content=\"Island of Bonaire\" \/>\n<meta property=\"article:modified_time\" content=\"2024-08-19T16:57:22+00:00\" \/>\n<meta name=\"twitter:card\" content=\"summary_large_image\" \/>\n<meta name=\"twitter:label1\" content=\"Tiempo de lectura\" \/>\n\t<meta name=\"twitter:data1\" content=\"4 minutos\" \/>\n<script type=\"application\/ld+json\" class=\"yoast-schema-graph\">{\"@context\":\"https:\\\/\\\/schema.org\",\"@graph\":[{\"@type\":\"WebPage\",\"@id\":\"https:\\\/\\\/bonaireisland.com\\\/es\\\/planifica-tus-vacaciones\\\/moverse-por-la-isla\\\/\",\"url\":\"https:\\\/\\\/bonaireisland.com\\\/es\\\/planifica-tus-vacaciones\\\/moverse-por-la-isla\\\/\",\"name\":\"Moverse por la isla | Island of Bonaire\",\"isPartOf\":{\"@id\":\"https:\\\/\\\/bonaireisland.com\\\/es\\\/#website\"},\"datePublished\":\"2022-08-03T04:59:13+00:00\",\"dateModified\":\"2024-08-19T16:57:22+00:00\",\"description\":\"Obt\u00e9n informaci\u00f3n sobre alquiler de coches, motocicletas, carritos de golf y bicicletas, as\u00ed como servicios de taxi. \u00a1Coge el ferry a Klein Bonaire!\",\"breadcrumb\":{\"@id\":\"https:\\\/\\\/bonaireisland.com\\\/es\\\/planifica-tus-vacaciones\\\/moverse-por-la-isla\\\/#breadcrumb\"},\"inLanguage\":\"es\",\"potentialAction\":[{\"@type\":\"ReadAction\",\"target\":[\"https:\\\/\\\/bonaireisland.com\\\/es\\\/planifica-tus-vacaciones\\\/moverse-por-la-isla\\\/\"]}]},{\"@type\":\"BreadcrumbList\",\"@id\":\"https:\\\/\\\/bonaireisland.com\\\/es\\\/planifica-tus-vacaciones\\\/moverse-por-la-isla\\\/#breadcrumb\",\"itemListElement\":[{\"@type\":\"ListItem\",\"position\":1,\"name\":\"Inicio\",\"item\":\"https:\\\/\\\/bonaireisland.com\\\/es\\\/\"},{\"@type\":\"ListItem\",\"position\":2,\"name\":\"Planifica tus vacaciones\",\"item\":\"https:\\\/\\\/bonaireisland.com\\\/es\\\/planifica-tus-vacaciones\\\/\"},{\"@type\":\"ListItem\",\"position\":3,\"name\":\"Moverse por la isla\"}]},{\"@type\":\"WebSite\",\"@id\":\"https:\\\/\\\/bonaireisland.com\\\/es\\\/#website\",\"url\":\"https:\\\/\\\/bonaireisland.com\\\/es\\\/\",\"name\":\"Island of Bonaire\",\"description\":\"It&#039;s In Our Nature\",\"potentialAction\":[{\"@type\":\"SearchAction\",\"target\":{\"@type\":\"EntryPoint\",\"urlTemplate\":\"https:\\\/\\\/bonaireisland.com\\\/es\\\/?s={search_term_string}\"},\"query-input\":{\"@type\":\"PropertyValueSpecification\",\"valueRequired\":true,\"valueName\":\"search_term_string\"}}],\"inLanguage\":\"es\"}]}<\/script>\n<!-- \/ Yoast SEO plugin. -->","yoast_head_json":{"title":"Moverse por la isla | Island of Bonaire","description":"Obt\u00e9n informaci\u00f3n sobre alquiler de coches, motocicletas, carritos de golf y bicicletas, as\u00ed como servicios de taxi. \u00a1Coge el ferry a Klein Bonaire!","robots":{"index":"index","follow":"follow","max-snippet":"max-snippet:-1","max-image-preview":"max-image-preview:large","max-video-preview":"max-video-preview:-1"},"canonical":"https:\/\/bonaireisland.com\/es\/planifica-tus-vacaciones\/moverse-por-la-isla\/","og_locale":"es_ES","og_type":"article","og_title":"Moverse por la isla | Island of Bonaire","og_description":"Obt\u00e9n informaci\u00f3n sobre alquiler de coches, motocicletas, carritos de golf y bicicletas, as\u00ed como servicios de taxi. \u00a1Coge el ferry a Klein Bonaire!","og_url":"https:\/\/bonaireisland.com\/es\/planifica-tus-vacaciones\/moverse-por-la-isla\/","og_site_name":"Island of Bonaire","article_modified_time":"2024-08-19T16:57:22+00:00","twitter_card":"summary_large_image","twitter_misc":{"Tiempo de lectura":"4 minutos"},"schema":{"@context":"https:\/\/schema.org","@graph":[{"@type":"WebPage","@id":"https:\/\/bonaireisland.com\/es\/planifica-tus-vacaciones\/moverse-por-la-isla\/","url":"https:\/\/bonaireisland.com\/es\/planifica-tus-vacaciones\/moverse-por-la-isla\/","name":"Moverse por la isla | Island of Bonaire","isPartOf":{"@id":"https:\/\/bonaireisland.com\/es\/#website"},"datePublished":"2022-08-03T04:59:13+00:00","dateModified":"2024-08-19T16:57:22+00:00","description":"Obt\u00e9n informaci\u00f3n sobre alquiler de coches, motocicletas, carritos de golf y bicicletas, as\u00ed como servicios de taxi. \u00a1Coge el ferry a Klein Bonaire!","breadcrumb":{"@id":"https:\/\/bonaireisland.com\/es\/planifica-tus-vacaciones\/moverse-por-la-isla\/#breadcrumb"},"inLanguage":"es","potentialAction":[{"@type":"ReadAction","target":["https:\/\/bonaireisland.com\/es\/planifica-tus-vacaciones\/moverse-por-la-isla\/"]}]},{"@type":"BreadcrumbList","@id":"https:\/\/bonaireisland.com\/es\/planifica-tus-vacaciones\/moverse-por-la-isla\/#breadcrumb","itemListElement":[{"@type":"ListItem","position":1,"name":"Inicio","item":"https:\/\/bonaireisland.com\/es\/"},{"@type":"ListItem","position":2,"name":"Planifica tus vacaciones","item":"https:\/\/bonaireisland.com\/es\/planifica-tus-vacaciones\/"},{"@type":"ListItem","position":3,"name":"Moverse por la isla"}]},{"@type":"WebSite","@id":"https:\/\/bonaireisland.com\/es\/#website","url":"https:\/\/bonaireisland.com\/es\/","name":"Island of Bonaire","description":"It&#039;s In Our Nature","potentialAction":[{"@type":"SearchAction","target":{"@type":"EntryPoint","urlTemplate":"https:\/\/bonaireisland.com\/es\/?s={search_term_string}"},"query-input":{"@type":"PropertyValueSpecification","valueRequired":true,"valueName":"search_term_string"}}],"inLanguage":"es"}]}},"_links":{"self":[{"href":"https:\/\/bonaireisland.com\/es\/wp-json\/wp\/v2\/pages\/5237","targetHints":{"allow":["GET"]}}],"collection":[{"href":"https:\/\/bonaireisland.com\/es\/wp-json\/wp\/v2\/pages"}],"about":[{"href":"https:\/\/bonaireisland.com\/es\/wp-json\/wp\/v2\/types\/page"}],"author":[{"embeddable":true,"href":"https:\/\/bonaireisland.com\/es\/wp-json\/wp\/v2\/users\/1"}],"replies":[{"embeddable":true,"href":"https:\/\/bonaireisland.com\/es\/wp-json\/wp\/v2\/comments?post=5237"}],"version-history":[{"count":0,"href":"https:\/\/bonaireisland.com\/es\/wp-json\/wp\/v2\/pages\/5237\/revisions"}],"up":[{"embeddable":true,"href":"https:\/\/bonaireisland.com\/es\/wp-json\/wp\/v2\/pages\/5236"}],"wp:attachment":[{"href":"https:\/\/bonaireisland.com\/es\/wp-json\/wp\/v2\/media?parent=5237"}],"curies":[{"name":"wp","href":"https:\/\/api.w.org\/{rel}","templated":true}]}}