{"id":5209,"date":"2022-07-18T20:15:19","date_gmt":"2022-07-19T00:15:19","guid":{"rendered":"https:\/\/bonaireisland.com\/experiencias\/"},"modified":"2023-03-20T12:35:50","modified_gmt":"2023-03-20T16:35:50","slug":"experiencias","status":"publish","type":"page","link":"https:\/\/bonaireisland.com\/es\/experiencias\/","title":{"rendered":"Experiencias"},"content":{"rendered":"","protected":false},"excerpt":{"rendered":"","protected":false},"author":1,"featured_media":0,"parent":0,"menu_order":0,"comment_status":"closed","ping_status":"closed","template":"","meta":{"_acf_changed":false,"_relevanssi_hide_post":"","_relevanssi_hide_content":"","_relevanssi_pin_for_all":"","_relevanssi_pin_keywords":"","_relevanssi_unpin_keywords":"","_relevanssi_related_keywords":"","_relevanssi_related_include_ids":"","_relevanssi_related_exclude_ids":"","_relevanssi_related_no_append":"","_relevanssi_related_not_related":"","_relevanssi_related_posts":"","_relevanssi_noindex_reason":"","footnotes":""},"class_list":["post-5209","page","type-page","status-publish","hentry"],"acf":[],"yoast_head":"<!-- This site is optimized with the Yoast SEO plugin v27.3 - https:\/\/yoast.com\/product\/yoast-seo-wordpress\/ -->\n<title>Experiencias | Island of Bonaire<\/title>\n<meta name=\"description\" content=\"Hay tanto que hacer en Bonaire... Planifica experiencias para ver atracciones tur\u00edsticas, explorar la naturaleza, actividades acu\u00e1ticas y mucho m\u00e1s.\" \/>\n<meta name=\"robots\" content=\"index, follow, max-snippet:-1, max-image-preview:large, max-video-preview:-1\" \/>\n<link rel=\"canonical\" href=\"https:\/\/bonaireisland.com\/es\/experiencias\/\" \/>\n<meta property=\"og:locale\" content=\"es_ES\" \/>\n<meta property=\"og:type\" content=\"article\" \/>\n<meta property=\"og:title\" content=\"Experiencias | Island of Bonaire\" \/>\n<meta property=\"og:description\" content=\"Hay tanto que hacer en Bonaire... Planifica experiencias para ver atracciones tur\u00edsticas, explorar la naturaleza, actividades acu\u00e1ticas y mucho m\u00e1s.\" \/>\n<meta property=\"og:url\" content=\"https:\/\/bonaireisland.com\/es\/experiencias\/\" \/>\n<meta property=\"og:site_name\" content=\"Island of Bonaire\" \/>\n<meta property=\"article:modified_time\" content=\"2023-03-20T16:35:50+00:00\" \/>\n<meta name=\"twitter:card\" content=\"summary_large_image\" \/>\n<script type=\"application\/ld+json\" class=\"yoast-schema-graph\">{\"@context\":\"https:\\\/\\\/schema.org\",\"@graph\":[{\"@type\":\"WebPage\",\"@id\":\"https:\\\/\\\/bonaireisland.com\\\/es\\\/experiencias\\\/\",\"url\":\"https:\\\/\\\/bonaireisland.com\\\/es\\\/experiencias\\\/\",\"name\":\"Experiencias | Island of Bonaire\",\"isPartOf\":{\"@id\":\"https:\\\/\\\/bonaireisland.com\\\/es\\\/#website\"},\"datePublished\":\"2022-07-19T00:15:19+00:00\",\"dateModified\":\"2023-03-20T16:35:50+00:00\",\"description\":\"Hay tanto que hacer en Bonaire... Planifica experiencias para ver atracciones tur\u00edsticas, explorar la naturaleza, actividades acu\u00e1ticas y mucho m\u00e1s.\",\"breadcrumb\":{\"@id\":\"https:\\\/\\\/bonaireisland.com\\\/es\\\/experiencias\\\/#breadcrumb\"},\"inLanguage\":\"es\",\"potentialAction\":[{\"@type\":\"ReadAction\",\"target\":[\"https:\\\/\\\/bonaireisland.com\\\/es\\\/experiencias\\\/\"]}]},{\"@type\":\"BreadcrumbList\",\"@id\":\"https:\\\/\\\/bonaireisland.com\\\/es\\\/experiencias\\\/#breadcrumb\",\"itemListElement\":[{\"@type\":\"ListItem\",\"position\":1,\"name\":\"Inicio\",\"item\":\"https:\\\/\\\/bonaireisland.com\\\/es\\\/\"},{\"@type\":\"ListItem\",\"position\":2,\"name\":\"Experiencias\"}]},{\"@type\":\"WebSite\",\"@id\":\"https:\\\/\\\/bonaireisland.com\\\/es\\\/#website\",\"url\":\"https:\\\/\\\/bonaireisland.com\\\/es\\\/\",\"name\":\"Island of Bonaire\",\"description\":\"It&#039;s In Our Nature\",\"potentialAction\":[{\"@type\":\"SearchAction\",\"target\":{\"@type\":\"EntryPoint\",\"urlTemplate\":\"https:\\\/\\\/bonaireisland.com\\\/es\\\/?s={search_term_string}\"},\"query-input\":{\"@type\":\"PropertyValueSpecification\",\"valueRequired\":true,\"valueName\":\"search_term_string\"}}],\"inLanguage\":\"es\"}]}<\/script>\n<!-- \/ Yoast SEO plugin. -->","yoast_head_json":{"title":"Experiencias | Island of Bonaire","description":"Hay tanto que hacer en Bonaire... Planifica experiencias para ver atracciones tur\u00edsticas, explorar la naturaleza, actividades acu\u00e1ticas y mucho m\u00e1s.","robots":{"index":"index","follow":"follow","max-snippet":"max-snippet:-1","max-image-preview":"max-image-preview:large","max-video-preview":"max-video-preview:-1"},"canonical":"https:\/\/bonaireisland.com\/es\/experiencias\/","og_locale":"es_ES","og_type":"article","og_title":"Experiencias | Island of Bonaire","og_description":"Hay tanto que hacer en Bonaire... Planifica experiencias para ver atracciones tur\u00edsticas, explorar la naturaleza, actividades acu\u00e1ticas y mucho m\u00e1s.","og_url":"https:\/\/bonaireisland.com\/es\/experiencias\/","og_site_name":"Island of Bonaire","article_modified_time":"2023-03-20T16:35:50+00:00","twitter_card":"summary_large_image","schema":{"@context":"https:\/\/schema.org","@graph":[{"@type":"WebPage","@id":"https:\/\/bonaireisland.com\/es\/experiencias\/","url":"https:\/\/bonaireisland.com\/es\/experiencias\/","name":"Experiencias | Island of Bonaire","isPartOf":{"@id":"https:\/\/bonaireisland.com\/es\/#website"},"datePublished":"2022-07-19T00:15:19+00:00","dateModified":"2023-03-20T16:35:50+00:00","description":"Hay tanto que hacer en Bonaire... Planifica experiencias para ver atracciones tur\u00edsticas, explorar la naturaleza, actividades acu\u00e1ticas y mucho m\u00e1s.","breadcrumb":{"@id":"https:\/\/bonaireisland.com\/es\/experiencias\/#breadcrumb"},"inLanguage":"es","potentialAction":[{"@type":"ReadAction","target":["https:\/\/bonaireisland.com\/es\/experiencias\/"]}]},{"@type":"BreadcrumbList","@id":"https:\/\/bonaireisland.com\/es\/experiencias\/#breadcrumb","itemListElement":[{"@type":"ListItem","position":1,"name":"Inicio","item":"https:\/\/bonaireisland.com\/es\/"},{"@type":"ListItem","position":2,"name":"Experiencias"}]},{"@type":"WebSite","@id":"https:\/\/bonaireisland.com\/es\/#website","url":"https:\/\/bonaireisland.com\/es\/","name":"Island of Bonaire","description":"It&#039;s In Our Nature","potentialAction":[{"@type":"SearchAction","target":{"@type":"EntryPoint","urlTemplate":"https:\/\/bonaireisland.com\/es\/?s={search_term_string}"},"query-input":{"@type":"PropertyValueSpecification","valueRequired":true,"valueName":"search_term_string"}}],"inLanguage":"es"}]}},"_links":{"self":[{"href":"https:\/\/bonaireisland.com\/es\/wp-json\/wp\/v2\/pages\/5209","targetHints":{"allow":["GET"]}}],"collection":[{"href":"https:\/\/bonaireisland.com\/es\/wp-json\/wp\/v2\/pages"}],"about":[{"href":"https:\/\/bonaireisland.com\/es\/wp-json\/wp\/v2\/types\/page"}],"author":[{"embeddable":true,"href":"https:\/\/bonaireisland.com\/es\/wp-json\/wp\/v2\/users\/1"}],"replies":[{"embeddable":true,"href":"https:\/\/bonaireisland.com\/es\/wp-json\/wp\/v2\/comments?post=5209"}],"version-history":[{"count":0,"href":"https:\/\/bonaireisland.com\/es\/wp-json\/wp\/v2\/pages\/5209\/revisions"}],"wp:attachment":[{"href":"https:\/\/bonaireisland.com\/es\/wp-json\/wp\/v2\/media?parent=5209"}],"curies":[{"name":"wp","href":"https:\/\/api.w.org\/{rel}","templated":true}]}}