{"id":5693,"date":"2022-08-13T12:43:13","date_gmt":"2022-08-13T16:43:13","guid":{"rendered":"https:\/\/bonaireisland.com\/planen-sie-ihren-urlaub\/reiseplaene\/der-sueden\/"},"modified":"2023-03-29T01:25:07","modified_gmt":"2023-03-29T05:25:07","slug":"der-sueden","status":"publish","type":"page","link":"https:\/\/bonaireisland.com\/de\/planen-sie-ihren-urlaub\/reiseplaene\/der-sueden\/","title":{"rendered":"Der S\u00fcden"},"content":{"rendered":"","protected":false},"excerpt":{"rendered":"","protected":false},"author":1,"featured_media":4663,"parent":5682,"menu_order":3,"comment_status":"closed","ping_status":"closed","template":"","meta":{"_acf_changed":false,"_relevanssi_hide_post":"","_relevanssi_hide_content":"","_relevanssi_pin_for_all":"","_relevanssi_pin_keywords":"","_relevanssi_unpin_keywords":"","_relevanssi_related_keywords":"","_relevanssi_related_include_ids":"","_relevanssi_related_exclude_ids":"","_relevanssi_related_no_append":"","_relevanssi_related_not_related":"","_relevanssi_related_posts":"","_relevanssi_noindex_reason":"","footnotes":""},"class_list":["post-5693","page","type-page","status-publish","has-post-thumbnail","hentry"],"acf":[],"yoast_head":"<!-- This site is optimized with the Yoast SEO plugin v27.3 - https:\/\/yoast.com\/product\/yoast-seo-wordpress\/ -->\n<title>Der S\u00fcden | Island of Bonaire<\/title>\n<meta name=\"description\" content=\"Machen Sie sich auf zum Sorobon Beach am S\u00fcdende der Insel, wo Sie in unserer weltbekannten Lagune windsurfen und Ihr Mittagessen direkt am Strand genie\u00dfen k\u00f6nnen.\" \/>\n<meta name=\"robots\" content=\"index, follow, max-snippet:-1, max-image-preview:large, max-video-preview:-1\" \/>\n<link rel=\"canonical\" href=\"https:\/\/bonaireisland.com\/de\/planen-sie-ihren-urlaub\/reiseplaene\/der-sueden\/\" \/>\n<meta property=\"og:locale\" content=\"de_DE\" \/>\n<meta property=\"og:type\" content=\"article\" \/>\n<meta property=\"og:title\" content=\"Der S\u00fcden | Island of Bonaire\" \/>\n<meta property=\"og:description\" content=\"Machen Sie sich auf zum Sorobon Beach am S\u00fcdende der Insel, wo Sie in unserer weltbekannten Lagune windsurfen und Ihr Mittagessen direkt am Strand genie\u00dfen k\u00f6nnen.\" \/>\n<meta property=\"og:url\" content=\"https:\/\/bonaireisland.com\/de\/planen-sie-ihren-urlaub\/reiseplaene\/der-sueden\/\" \/>\n<meta property=\"og:site_name\" content=\"Island of Bonaire\" \/>\n<meta property=\"article:modified_time\" content=\"2023-03-29T05:25:07+00:00\" \/>\n<meta property=\"og:image\" content=\"https:\/\/bonaireisland.com\/wp-content\/uploads\/2022\/08\/Itinerary-3_1000x725.jpg\" \/>\n\t<meta property=\"og:image:width\" content=\"1000\" \/>\n\t<meta property=\"og:image:height\" content=\"725\" \/>\n\t<meta property=\"og:image:type\" content=\"image\/jpeg\" \/>\n<meta name=\"twitter:card\" content=\"summary_large_image\" \/>\n<script type=\"application\/ld+json\" class=\"yoast-schema-graph\">{\"@context\":\"https:\\\/\\\/schema.org\",\"@graph\":[{\"@type\":\"WebPage\",\"@id\":\"https:\\\/\\\/bonaireisland.com\\\/de\\\/planen-sie-ihren-urlaub\\\/reiseplaene\\\/der-sueden\\\/\",\"url\":\"https:\\\/\\\/bonaireisland.com\\\/de\\\/planen-sie-ihren-urlaub\\\/reiseplaene\\\/der-sueden\\\/\",\"name\":\"Der S\u00fcden | Island of Bonaire\",\"isPartOf\":{\"@id\":\"https:\\\/\\\/bonaireisland.com\\\/de\\\/#website\"},\"primaryImageOfPage\":{\"@id\":\"https:\\\/\\\/bonaireisland.com\\\/de\\\/planen-sie-ihren-urlaub\\\/reiseplaene\\\/der-sueden\\\/#primaryimage\"},\"image\":{\"@id\":\"https:\\\/\\\/bonaireisland.com\\\/de\\\/planen-sie-ihren-urlaub\\\/reiseplaene\\\/der-sueden\\\/#primaryimage\"},\"thumbnailUrl\":\"https:\\\/\\\/bonaireisland.com\\\/wp-content\\\/uploads\\\/2022\\\/08\\\/Itinerary-3_1000x725.jpg\",\"datePublished\":\"2022-08-13T16:43:13+00:00\",\"dateModified\":\"2023-03-29T05:25:07+00:00\",\"description\":\"Machen Sie sich auf zum Sorobon Beach am S\u00fcdende der Insel, wo Sie in unserer weltbekannten Lagune windsurfen und Ihr Mittagessen direkt am Strand genie\u00dfen k\u00f6nnen.\",\"breadcrumb\":{\"@id\":\"https:\\\/\\\/bonaireisland.com\\\/de\\\/planen-sie-ihren-urlaub\\\/reiseplaene\\\/der-sueden\\\/#breadcrumb\"},\"inLanguage\":\"de-DE\",\"potentialAction\":[{\"@type\":\"ReadAction\",\"target\":[\"https:\\\/\\\/bonaireisland.com\\\/de\\\/planen-sie-ihren-urlaub\\\/reiseplaene\\\/der-sueden\\\/\"]}]},{\"@type\":\"ImageObject\",\"inLanguage\":\"de-DE\",\"@id\":\"https:\\\/\\\/bonaireisland.com\\\/de\\\/planen-sie-ihren-urlaub\\\/reiseplaene\\\/der-sueden\\\/#primaryimage\",\"url\":\"https:\\\/\\\/bonaireisland.com\\\/wp-content\\\/uploads\\\/2022\\\/08\\\/Itinerary-3_1000x725.jpg\",\"contentUrl\":\"https:\\\/\\\/bonaireisland.com\\\/wp-content\\\/uploads\\\/2022\\\/08\\\/Itinerary-3_1000x725.jpg\",\"width\":1000,\"height\":725},{\"@type\":\"BreadcrumbList\",\"@id\":\"https:\\\/\\\/bonaireisland.com\\\/de\\\/planen-sie-ihren-urlaub\\\/reiseplaene\\\/der-sueden\\\/#breadcrumb\",\"itemListElement\":[{\"@type\":\"ListItem\",\"position\":1,\"name\":\"Start\",\"item\":\"https:\\\/\\\/bonaireisland.com\\\/de\\\/\"},{\"@type\":\"ListItem\",\"position\":2,\"name\":\"Planen Sie Ihren Urlaub\",\"item\":\"https:\\\/\\\/bonaireisland.com\\\/de\\\/planen-sie-ihren-urlaub\\\/\"},{\"@type\":\"ListItem\",\"position\":3,\"name\":\"Reisepl\u00e4ne\",\"item\":\"https:\\\/\\\/bonaireisland.com\\\/de\\\/planen-sie-ihren-urlaub\\\/reiseplaene\\\/\"},{\"@type\":\"ListItem\",\"position\":4,\"name\":\"Der S\u00fcden\"}]},{\"@type\":\"WebSite\",\"@id\":\"https:\\\/\\\/bonaireisland.com\\\/de\\\/#website\",\"url\":\"https:\\\/\\\/bonaireisland.com\\\/de\\\/\",\"name\":\"Island of Bonaire\",\"description\":\"It&#039;s In Our Nature\",\"potentialAction\":[{\"@type\":\"SearchAction\",\"target\":{\"@type\":\"EntryPoint\",\"urlTemplate\":\"https:\\\/\\\/bonaireisland.com\\\/de\\\/?s={search_term_string}\"},\"query-input\":{\"@type\":\"PropertyValueSpecification\",\"valueRequired\":true,\"valueName\":\"search_term_string\"}}],\"inLanguage\":\"de-DE\"}]}<\/script>\n<!-- \/ Yoast SEO plugin. -->","yoast_head_json":{"title":"Der S\u00fcden | Island of Bonaire","description":"Machen Sie sich auf zum Sorobon Beach am S\u00fcdende der Insel, wo Sie in unserer weltbekannten Lagune windsurfen und Ihr Mittagessen direkt am Strand genie\u00dfen k\u00f6nnen.","robots":{"index":"index","follow":"follow","max-snippet":"max-snippet:-1","max-image-preview":"max-image-preview:large","max-video-preview":"max-video-preview:-1"},"canonical":"https:\/\/bonaireisland.com\/de\/planen-sie-ihren-urlaub\/reiseplaene\/der-sueden\/","og_locale":"de_DE","og_type":"article","og_title":"Der S\u00fcden | Island of Bonaire","og_description":"Machen Sie sich auf zum Sorobon Beach am S\u00fcdende der Insel, wo Sie in unserer weltbekannten Lagune windsurfen und Ihr Mittagessen direkt am Strand genie\u00dfen k\u00f6nnen.","og_url":"https:\/\/bonaireisland.com\/de\/planen-sie-ihren-urlaub\/reiseplaene\/der-sueden\/","og_site_name":"Island of Bonaire","article_modified_time":"2023-03-29T05:25:07+00:00","og_image":[{"width":1000,"height":725,"url":"https:\/\/bonaireisland.com\/wp-content\/uploads\/2022\/08\/Itinerary-3_1000x725.jpg","type":"image\/jpeg"}],"twitter_card":"summary_large_image","schema":{"@context":"https:\/\/schema.org","@graph":[{"@type":"WebPage","@id":"https:\/\/bonaireisland.com\/de\/planen-sie-ihren-urlaub\/reiseplaene\/der-sueden\/","url":"https:\/\/bonaireisland.com\/de\/planen-sie-ihren-urlaub\/reiseplaene\/der-sueden\/","name":"Der S\u00fcden | Island of Bonaire","isPartOf":{"@id":"https:\/\/bonaireisland.com\/de\/#website"},"primaryImageOfPage":{"@id":"https:\/\/bonaireisland.com\/de\/planen-sie-ihren-urlaub\/reiseplaene\/der-sueden\/#primaryimage"},"image":{"@id":"https:\/\/bonaireisland.com\/de\/planen-sie-ihren-urlaub\/reiseplaene\/der-sueden\/#primaryimage"},"thumbnailUrl":"https:\/\/bonaireisland.com\/wp-content\/uploads\/2022\/08\/Itinerary-3_1000x725.jpg","datePublished":"2022-08-13T16:43:13+00:00","dateModified":"2023-03-29T05:25:07+00:00","description":"Machen Sie sich auf zum Sorobon Beach am S\u00fcdende der Insel, wo Sie in unserer weltbekannten Lagune windsurfen und Ihr Mittagessen direkt am Strand genie\u00dfen k\u00f6nnen.","breadcrumb":{"@id":"https:\/\/bonaireisland.com\/de\/planen-sie-ihren-urlaub\/reiseplaene\/der-sueden\/#breadcrumb"},"inLanguage":"de-DE","potentialAction":[{"@type":"ReadAction","target":["https:\/\/bonaireisland.com\/de\/planen-sie-ihren-urlaub\/reiseplaene\/der-sueden\/"]}]},{"@type":"ImageObject","inLanguage":"de-DE","@id":"https:\/\/bonaireisland.com\/de\/planen-sie-ihren-urlaub\/reiseplaene\/der-sueden\/#primaryimage","url":"https:\/\/bonaireisland.com\/wp-content\/uploads\/2022\/08\/Itinerary-3_1000x725.jpg","contentUrl":"https:\/\/bonaireisland.com\/wp-content\/uploads\/2022\/08\/Itinerary-3_1000x725.jpg","width":1000,"height":725},{"@type":"BreadcrumbList","@id":"https:\/\/bonaireisland.com\/de\/planen-sie-ihren-urlaub\/reiseplaene\/der-sueden\/#breadcrumb","itemListElement":[{"@type":"ListItem","position":1,"name":"Start","item":"https:\/\/bonaireisland.com\/de\/"},{"@type":"ListItem","position":2,"name":"Planen Sie Ihren Urlaub","item":"https:\/\/bonaireisland.com\/de\/planen-sie-ihren-urlaub\/"},{"@type":"ListItem","position":3,"name":"Reisepl\u00e4ne","item":"https:\/\/bonaireisland.com\/de\/planen-sie-ihren-urlaub\/reiseplaene\/"},{"@type":"ListItem","position":4,"name":"Der S\u00fcden"}]},{"@type":"WebSite","@id":"https:\/\/bonaireisland.com\/de\/#website","url":"https:\/\/bonaireisland.com\/de\/","name":"Island of Bonaire","description":"It&#039;s In Our Nature","potentialAction":[{"@type":"SearchAction","target":{"@type":"EntryPoint","urlTemplate":"https:\/\/bonaireisland.com\/de\/?s={search_term_string}"},"query-input":{"@type":"PropertyValueSpecification","valueRequired":true,"valueName":"search_term_string"}}],"inLanguage":"de-DE"}]}},"_links":{"self":[{"href":"https:\/\/bonaireisland.com\/de\/wp-json\/wp\/v2\/pages\/5693","targetHints":{"allow":["GET"]}}],"collection":[{"href":"https:\/\/bonaireisland.com\/de\/wp-json\/wp\/v2\/pages"}],"about":[{"href":"https:\/\/bonaireisland.com\/de\/wp-json\/wp\/v2\/types\/page"}],"author":[{"embeddable":true,"href":"https:\/\/bonaireisland.com\/de\/wp-json\/wp\/v2\/users\/1"}],"replies":[{"embeddable":true,"href":"https:\/\/bonaireisland.com\/de\/wp-json\/wp\/v2\/comments?post=5693"}],"version-history":[{"count":0,"href":"https:\/\/bonaireisland.com\/de\/wp-json\/wp\/v2\/pages\/5693\/revisions"}],"up":[{"embeddable":true,"href":"https:\/\/bonaireisland.com\/de\/wp-json\/wp\/v2\/pages\/5682"}],"wp:featuredmedia":[{"embeddable":true,"href":"https:\/\/bonaireisland.com\/de\/wp-json\/wp\/v2\/media\/4663"}],"wp:attachment":[{"href":"https:\/\/bonaireisland.com\/de\/wp-json\/wp\/v2\/media?parent=5693"}],"curies":[{"name":"wp","href":"https:\/\/api.w.org\/{rel}","templated":true}]}}