{"id":5690,"date":"2022-08-12T18:51:59","date_gmt":"2022-08-12T22:51:59","guid":{"rendered":"https:\/\/bonaireisland.com\/ueber-bonaire\/botschafter-fuer-bonaire\/botschafter-fuer-bonaire-werden\/"},"modified":"2023-06-04T23:23:20","modified_gmt":"2023-06-05T03:23:20","slug":"botschafter-fuer-bonaire-werden","status":"publish","type":"page","link":"https:\/\/bonaireisland.com\/de\/ueber-bonaire\/botschafter-fuer-bonaire\/botschafter-fuer-bonaire-werden\/","title":{"rendered":"Botschafter f\u00fcr Bonaire werden"},"content":{"rendered":"","protected":false},"excerpt":{"rendered":"","protected":false},"author":1,"featured_media":0,"parent":5681,"menu_order":0,"comment_status":"closed","ping_status":"closed","template":"","meta":{"_acf_changed":false,"_relevanssi_hide_post":"","_relevanssi_hide_content":"","_relevanssi_pin_for_all":"","_relevanssi_pin_keywords":"","_relevanssi_unpin_keywords":"","_relevanssi_related_keywords":"","_relevanssi_related_include_ids":"","_relevanssi_related_exclude_ids":"","_relevanssi_related_no_append":"","_relevanssi_related_not_related":"","_relevanssi_related_posts":"","_relevanssi_noindex_reason":"","footnotes":""},"class_list":["post-5690","page","type-page","status-publish","hentry"],"acf":[],"yoast_head":"<!-- This site is optimized with the Yoast SEO plugin v27.3 - https:\/\/yoast.com\/product\/yoast-seo-wordpress\/ -->\n<title>Botschafter f\u00fcr Bonaire werden | Island of Bonaire<\/title>\n<meta name=\"description\" content=\"F\u00fcllen Sie dieses Formular aus, um sich als Botschafter f\u00fcr Bonaire zu bewerben.\" \/>\n<meta name=\"robots\" content=\"index, follow, max-snippet:-1, max-image-preview:large, max-video-preview:-1\" \/>\n<link rel=\"canonical\" href=\"https:\/\/bonaireisland.com\/de\/ueber-bonaire\/botschafter-fuer-bonaire\/botschafter-fuer-bonaire-werden\/\" \/>\n<meta property=\"og:locale\" content=\"de_DE\" \/>\n<meta property=\"og:type\" content=\"article\" \/>\n<meta property=\"og:title\" content=\"Botschafter f\u00fcr Bonaire werden | Island of Bonaire\" \/>\n<meta property=\"og:description\" content=\"F\u00fcllen Sie dieses Formular aus, um sich als Botschafter f\u00fcr Bonaire zu bewerben.\" \/>\n<meta property=\"og:url\" content=\"https:\/\/bonaireisland.com\/de\/ueber-bonaire\/botschafter-fuer-bonaire\/botschafter-fuer-bonaire-werden\/\" \/>\n<meta property=\"og:site_name\" content=\"Island of Bonaire\" \/>\n<meta property=\"article:modified_time\" content=\"2023-06-05T03:23:20+00:00\" \/>\n<meta name=\"twitter:card\" content=\"summary_large_image\" \/>\n<script type=\"application\/ld+json\" class=\"yoast-schema-graph\">{\"@context\":\"https:\\\/\\\/schema.org\",\"@graph\":[{\"@type\":\"WebPage\",\"@id\":\"https:\\\/\\\/bonaireisland.com\\\/de\\\/ueber-bonaire\\\/botschafter-fuer-bonaire\\\/botschafter-fuer-bonaire-werden\\\/\",\"url\":\"https:\\\/\\\/bonaireisland.com\\\/de\\\/ueber-bonaire\\\/botschafter-fuer-bonaire\\\/botschafter-fuer-bonaire-werden\\\/\",\"name\":\"Botschafter f\u00fcr Bonaire werden | Island of Bonaire\",\"isPartOf\":{\"@id\":\"https:\\\/\\\/bonaireisland.com\\\/de\\\/#website\"},\"datePublished\":\"2022-08-12T22:51:59+00:00\",\"dateModified\":\"2023-06-05T03:23:20+00:00\",\"description\":\"F\u00fcllen Sie dieses Formular aus, um sich als Botschafter f\u00fcr Bonaire zu bewerben.\",\"breadcrumb\":{\"@id\":\"https:\\\/\\\/bonaireisland.com\\\/de\\\/ueber-bonaire\\\/botschafter-fuer-bonaire\\\/botschafter-fuer-bonaire-werden\\\/#breadcrumb\"},\"inLanguage\":\"de-DE\",\"potentialAction\":[{\"@type\":\"ReadAction\",\"target\":[\"https:\\\/\\\/bonaireisland.com\\\/de\\\/ueber-bonaire\\\/botschafter-fuer-bonaire\\\/botschafter-fuer-bonaire-werden\\\/\"]}]},{\"@type\":\"BreadcrumbList\",\"@id\":\"https:\\\/\\\/bonaireisland.com\\\/de\\\/ueber-bonaire\\\/botschafter-fuer-bonaire\\\/botschafter-fuer-bonaire-werden\\\/#breadcrumb\",\"itemListElement\":[{\"@type\":\"ListItem\",\"position\":1,\"name\":\"Start\",\"item\":\"https:\\\/\\\/bonaireisland.com\\\/de\\\/\"},{\"@type\":\"ListItem\",\"position\":2,\"name\":\"\u00dcber Bonaire\",\"item\":\"https:\\\/\\\/bonaireisland.com\\\/de\\\/ueber-bonaire\\\/\"},{\"@type\":\"ListItem\",\"position\":3,\"name\":\"Botschafter f\u00fcr Bonaire\",\"item\":\"https:\\\/\\\/bonaireisland.com\\\/de\\\/ueber-bonaire\\\/botschafter-fuer-bonaire\\\/\"},{\"@type\":\"ListItem\",\"position\":4,\"name\":\"Botschafter f\u00fcr Bonaire werden\"}]},{\"@type\":\"WebSite\",\"@id\":\"https:\\\/\\\/bonaireisland.com\\\/de\\\/#website\",\"url\":\"https:\\\/\\\/bonaireisland.com\\\/de\\\/\",\"name\":\"Island of Bonaire\",\"description\":\"It&#039;s In Our Nature\",\"potentialAction\":[{\"@type\":\"SearchAction\",\"target\":{\"@type\":\"EntryPoint\",\"urlTemplate\":\"https:\\\/\\\/bonaireisland.com\\\/de\\\/?s={search_term_string}\"},\"query-input\":{\"@type\":\"PropertyValueSpecification\",\"valueRequired\":true,\"valueName\":\"search_term_string\"}}],\"inLanguage\":\"de-DE\"}]}<\/script>\n<!-- \/ Yoast SEO plugin. -->","yoast_head_json":{"title":"Botschafter f\u00fcr Bonaire werden | Island of Bonaire","description":"F\u00fcllen Sie dieses Formular aus, um sich als Botschafter f\u00fcr Bonaire zu bewerben.","robots":{"index":"index","follow":"follow","max-snippet":"max-snippet:-1","max-image-preview":"max-image-preview:large","max-video-preview":"max-video-preview:-1"},"canonical":"https:\/\/bonaireisland.com\/de\/ueber-bonaire\/botschafter-fuer-bonaire\/botschafter-fuer-bonaire-werden\/","og_locale":"de_DE","og_type":"article","og_title":"Botschafter f\u00fcr Bonaire werden | Island of Bonaire","og_description":"F\u00fcllen Sie dieses Formular aus, um sich als Botschafter f\u00fcr Bonaire zu bewerben.","og_url":"https:\/\/bonaireisland.com\/de\/ueber-bonaire\/botschafter-fuer-bonaire\/botschafter-fuer-bonaire-werden\/","og_site_name":"Island of Bonaire","article_modified_time":"2023-06-05T03:23:20+00:00","twitter_card":"summary_large_image","schema":{"@context":"https:\/\/schema.org","@graph":[{"@type":"WebPage","@id":"https:\/\/bonaireisland.com\/de\/ueber-bonaire\/botschafter-fuer-bonaire\/botschafter-fuer-bonaire-werden\/","url":"https:\/\/bonaireisland.com\/de\/ueber-bonaire\/botschafter-fuer-bonaire\/botschafter-fuer-bonaire-werden\/","name":"Botschafter f\u00fcr Bonaire werden | Island of Bonaire","isPartOf":{"@id":"https:\/\/bonaireisland.com\/de\/#website"},"datePublished":"2022-08-12T22:51:59+00:00","dateModified":"2023-06-05T03:23:20+00:00","description":"F\u00fcllen Sie dieses Formular aus, um sich als Botschafter f\u00fcr Bonaire zu bewerben.","breadcrumb":{"@id":"https:\/\/bonaireisland.com\/de\/ueber-bonaire\/botschafter-fuer-bonaire\/botschafter-fuer-bonaire-werden\/#breadcrumb"},"inLanguage":"de-DE","potentialAction":[{"@type":"ReadAction","target":["https:\/\/bonaireisland.com\/de\/ueber-bonaire\/botschafter-fuer-bonaire\/botschafter-fuer-bonaire-werden\/"]}]},{"@type":"BreadcrumbList","@id":"https:\/\/bonaireisland.com\/de\/ueber-bonaire\/botschafter-fuer-bonaire\/botschafter-fuer-bonaire-werden\/#breadcrumb","itemListElement":[{"@type":"ListItem","position":1,"name":"Start","item":"https:\/\/bonaireisland.com\/de\/"},{"@type":"ListItem","position":2,"name":"\u00dcber Bonaire","item":"https:\/\/bonaireisland.com\/de\/ueber-bonaire\/"},{"@type":"ListItem","position":3,"name":"Botschafter f\u00fcr Bonaire","item":"https:\/\/bonaireisland.com\/de\/ueber-bonaire\/botschafter-fuer-bonaire\/"},{"@type":"ListItem","position":4,"name":"Botschafter f\u00fcr Bonaire werden"}]},{"@type":"WebSite","@id":"https:\/\/bonaireisland.com\/de\/#website","url":"https:\/\/bonaireisland.com\/de\/","name":"Island of Bonaire","description":"It&#039;s In Our Nature","potentialAction":[{"@type":"SearchAction","target":{"@type":"EntryPoint","urlTemplate":"https:\/\/bonaireisland.com\/de\/?s={search_term_string}"},"query-input":{"@type":"PropertyValueSpecification","valueRequired":true,"valueName":"search_term_string"}}],"inLanguage":"de-DE"}]}},"_links":{"self":[{"href":"https:\/\/bonaireisland.com\/de\/wp-json\/wp\/v2\/pages\/5690","targetHints":{"allow":["GET"]}}],"collection":[{"href":"https:\/\/bonaireisland.com\/de\/wp-json\/wp\/v2\/pages"}],"about":[{"href":"https:\/\/bonaireisland.com\/de\/wp-json\/wp\/v2\/types\/page"}],"author":[{"embeddable":true,"href":"https:\/\/bonaireisland.com\/de\/wp-json\/wp\/v2\/users\/1"}],"replies":[{"embeddable":true,"href":"https:\/\/bonaireisland.com\/de\/wp-json\/wp\/v2\/comments?post=5690"}],"version-history":[{"count":0,"href":"https:\/\/bonaireisland.com\/de\/wp-json\/wp\/v2\/pages\/5690\/revisions"}],"up":[{"embeddable":true,"href":"https:\/\/bonaireisland.com\/de\/wp-json\/wp\/v2\/pages\/5681"}],"wp:attachment":[{"href":"https:\/\/bonaireisland.com\/de\/wp-json\/wp\/v2\/media?parent=5690"}],"curies":[{"name":"wp","href":"https:\/\/api.w.org\/{rel}","templated":true}]}}