{"id":5680,"date":"2022-08-03T00:59:13","date_gmt":"2022-08-03T04:59:13","guid":{"rendered":"https:\/\/bonaireisland.com\/planen-sie-ihren-urlaub\/transportmoeglichkeiten\/"},"modified":"2024-08-19T12:59:22","modified_gmt":"2024-08-19T16:59:22","slug":"transportmoeglichkeiten","status":"publish","type":"page","link":"https:\/\/bonaireisland.com\/de\/planen-sie-ihren-urlaub\/transportmoeglichkeiten\/","title":{"rendered":"Transportm\u00f6glichkeiten"},"content":{"rendered":"","protected":false},"excerpt":{"rendered":"","protected":false},"author":1,"featured_media":0,"parent":5679,"menu_order":0,"comment_status":"closed","ping_status":"closed","template":"","meta":{"_acf_changed":false,"_relevanssi_hide_post":"","_relevanssi_hide_content":"","_relevanssi_pin_for_all":"","_relevanssi_pin_keywords":"","_relevanssi_unpin_keywords":"","_relevanssi_related_keywords":"","_relevanssi_related_include_ids":"","_relevanssi_related_exclude_ids":"","_relevanssi_related_no_append":"","_relevanssi_related_not_related":"","_relevanssi_related_posts":"","_relevanssi_noindex_reason":"","footnotes":""},"class_list":["post-5680","page","type-page","status-publish","hentry"],"acf":[],"yoast_head":"<!-- This site is optimized with the Yoast SEO plugin v27.3 - https:\/\/yoast.com\/product\/yoast-seo-wordpress\/ -->\n<title>Transportm\u00f6glichkeiten | Island of Bonaire<\/title>\n<meta name=\"description\" content=\"Erhalten Sie Informationen \u00fcber Auto-, Motorrad-, Golfwagen- und Fahrradvermietungen sowie \u00fcber Taxidienste. Nehmen Sie die F\u00e4hre nach Klein Bonaire!\" \/>\n<meta name=\"robots\" content=\"index, follow, max-snippet:-1, max-image-preview:large, max-video-preview:-1\" \/>\n<link rel=\"canonical\" href=\"https:\/\/bonaireisland.com\/de\/planen-sie-ihren-urlaub\/transportmoeglichkeiten\/\" \/>\n<meta property=\"og:locale\" content=\"de_DE\" \/>\n<meta property=\"og:type\" content=\"article\" \/>\n<meta property=\"og:title\" content=\"Transportm\u00f6glichkeiten | Island of Bonaire\" \/>\n<meta property=\"og:description\" content=\"Erhalten Sie Informationen \u00fcber Auto-, Motorrad-, Golfwagen- und Fahrradvermietungen sowie \u00fcber Taxidienste. Nehmen Sie die F\u00e4hre nach Klein Bonaire!\" \/>\n<meta property=\"og:url\" content=\"https:\/\/bonaireisland.com\/de\/planen-sie-ihren-urlaub\/transportmoeglichkeiten\/\" \/>\n<meta property=\"og:site_name\" content=\"Island of Bonaire\" \/>\n<meta property=\"article:modified_time\" content=\"2024-08-19T16:59:22+00:00\" \/>\n<meta name=\"twitter:card\" content=\"summary_large_image\" \/>\n<meta name=\"twitter:label1\" content=\"Gesch\u00e4tzte Lesezeit\" \/>\n\t<meta name=\"twitter:data1\" content=\"4 Minuten\" \/>\n<script type=\"application\/ld+json\" class=\"yoast-schema-graph\">{\"@context\":\"https:\\\/\\\/schema.org\",\"@graph\":[{\"@type\":\"WebPage\",\"@id\":\"https:\\\/\\\/bonaireisland.com\\\/de\\\/planen-sie-ihren-urlaub\\\/transportmoeglichkeiten\\\/\",\"url\":\"https:\\\/\\\/bonaireisland.com\\\/de\\\/planen-sie-ihren-urlaub\\\/transportmoeglichkeiten\\\/\",\"name\":\"Transportm\u00f6glichkeiten | Island of Bonaire\",\"isPartOf\":{\"@id\":\"https:\\\/\\\/bonaireisland.com\\\/de\\\/#website\"},\"datePublished\":\"2022-08-03T04:59:13+00:00\",\"dateModified\":\"2024-08-19T16:59:22+00:00\",\"description\":\"Erhalten Sie Informationen \u00fcber Auto-, Motorrad-, Golfwagen- und Fahrradvermietungen sowie \u00fcber Taxidienste. Nehmen Sie die F\u00e4hre nach Klein Bonaire!\",\"breadcrumb\":{\"@id\":\"https:\\\/\\\/bonaireisland.com\\\/de\\\/planen-sie-ihren-urlaub\\\/transportmoeglichkeiten\\\/#breadcrumb\"},\"inLanguage\":\"de-DE\",\"potentialAction\":[{\"@type\":\"ReadAction\",\"target\":[\"https:\\\/\\\/bonaireisland.com\\\/de\\\/planen-sie-ihren-urlaub\\\/transportmoeglichkeiten\\\/\"]}]},{\"@type\":\"BreadcrumbList\",\"@id\":\"https:\\\/\\\/bonaireisland.com\\\/de\\\/planen-sie-ihren-urlaub\\\/transportmoeglichkeiten\\\/#breadcrumb\",\"itemListElement\":[{\"@type\":\"ListItem\",\"position\":1,\"name\":\"Start\",\"item\":\"https:\\\/\\\/bonaireisland.com\\\/de\\\/\"},{\"@type\":\"ListItem\",\"position\":2,\"name\":\"Planen Sie Ihren Urlaub\",\"item\":\"https:\\\/\\\/bonaireisland.com\\\/de\\\/planen-sie-ihren-urlaub\\\/\"},{\"@type\":\"ListItem\",\"position\":3,\"name\":\"Transportm\u00f6glichkeiten\"}]},{\"@type\":\"WebSite\",\"@id\":\"https:\\\/\\\/bonaireisland.com\\\/de\\\/#website\",\"url\":\"https:\\\/\\\/bonaireisland.com\\\/de\\\/\",\"name\":\"Island of Bonaire\",\"description\":\"It&#039;s In Our Nature\",\"potentialAction\":[{\"@type\":\"SearchAction\",\"target\":{\"@type\":\"EntryPoint\",\"urlTemplate\":\"https:\\\/\\\/bonaireisland.com\\\/de\\\/?s={search_term_string}\"},\"query-input\":{\"@type\":\"PropertyValueSpecification\",\"valueRequired\":true,\"valueName\":\"search_term_string\"}}],\"inLanguage\":\"de-DE\"}]}<\/script>\n<!-- \/ Yoast SEO plugin. -->","yoast_head_json":{"title":"Transportm\u00f6glichkeiten | Island of Bonaire","description":"Erhalten Sie Informationen \u00fcber Auto-, Motorrad-, Golfwagen- und Fahrradvermietungen sowie \u00fcber Taxidienste. Nehmen Sie die F\u00e4hre nach Klein Bonaire!","robots":{"index":"index","follow":"follow","max-snippet":"max-snippet:-1","max-image-preview":"max-image-preview:large","max-video-preview":"max-video-preview:-1"},"canonical":"https:\/\/bonaireisland.com\/de\/planen-sie-ihren-urlaub\/transportmoeglichkeiten\/","og_locale":"de_DE","og_type":"article","og_title":"Transportm\u00f6glichkeiten | Island of Bonaire","og_description":"Erhalten Sie Informationen \u00fcber Auto-, Motorrad-, Golfwagen- und Fahrradvermietungen sowie \u00fcber Taxidienste. Nehmen Sie die F\u00e4hre nach Klein Bonaire!","og_url":"https:\/\/bonaireisland.com\/de\/planen-sie-ihren-urlaub\/transportmoeglichkeiten\/","og_site_name":"Island of Bonaire","article_modified_time":"2024-08-19T16:59:22+00:00","twitter_card":"summary_large_image","twitter_misc":{"Gesch\u00e4tzte Lesezeit":"4 Minuten"},"schema":{"@context":"https:\/\/schema.org","@graph":[{"@type":"WebPage","@id":"https:\/\/bonaireisland.com\/de\/planen-sie-ihren-urlaub\/transportmoeglichkeiten\/","url":"https:\/\/bonaireisland.com\/de\/planen-sie-ihren-urlaub\/transportmoeglichkeiten\/","name":"Transportm\u00f6glichkeiten | Island of Bonaire","isPartOf":{"@id":"https:\/\/bonaireisland.com\/de\/#website"},"datePublished":"2022-08-03T04:59:13+00:00","dateModified":"2024-08-19T16:59:22+00:00","description":"Erhalten Sie Informationen \u00fcber Auto-, Motorrad-, Golfwagen- und Fahrradvermietungen sowie \u00fcber Taxidienste. Nehmen Sie die F\u00e4hre nach Klein Bonaire!","breadcrumb":{"@id":"https:\/\/bonaireisland.com\/de\/planen-sie-ihren-urlaub\/transportmoeglichkeiten\/#breadcrumb"},"inLanguage":"de-DE","potentialAction":[{"@type":"ReadAction","target":["https:\/\/bonaireisland.com\/de\/planen-sie-ihren-urlaub\/transportmoeglichkeiten\/"]}]},{"@type":"BreadcrumbList","@id":"https:\/\/bonaireisland.com\/de\/planen-sie-ihren-urlaub\/transportmoeglichkeiten\/#breadcrumb","itemListElement":[{"@type":"ListItem","position":1,"name":"Start","item":"https:\/\/bonaireisland.com\/de\/"},{"@type":"ListItem","position":2,"name":"Planen Sie Ihren Urlaub","item":"https:\/\/bonaireisland.com\/de\/planen-sie-ihren-urlaub\/"},{"@type":"ListItem","position":3,"name":"Transportm\u00f6glichkeiten"}]},{"@type":"WebSite","@id":"https:\/\/bonaireisland.com\/de\/#website","url":"https:\/\/bonaireisland.com\/de\/","name":"Island of Bonaire","description":"It&#039;s In Our Nature","potentialAction":[{"@type":"SearchAction","target":{"@type":"EntryPoint","urlTemplate":"https:\/\/bonaireisland.com\/de\/?s={search_term_string}"},"query-input":{"@type":"PropertyValueSpecification","valueRequired":true,"valueName":"search_term_string"}}],"inLanguage":"de-DE"}]}},"_links":{"self":[{"href":"https:\/\/bonaireisland.com\/de\/wp-json\/wp\/v2\/pages\/5680","targetHints":{"allow":["GET"]}}],"collection":[{"href":"https:\/\/bonaireisland.com\/de\/wp-json\/wp\/v2\/pages"}],"about":[{"href":"https:\/\/bonaireisland.com\/de\/wp-json\/wp\/v2\/types\/page"}],"author":[{"embeddable":true,"href":"https:\/\/bonaireisland.com\/de\/wp-json\/wp\/v2\/users\/1"}],"replies":[{"embeddable":true,"href":"https:\/\/bonaireisland.com\/de\/wp-json\/wp\/v2\/comments?post=5680"}],"version-history":[{"count":0,"href":"https:\/\/bonaireisland.com\/de\/wp-json\/wp\/v2\/pages\/5680\/revisions"}],"up":[{"embeddable":true,"href":"https:\/\/bonaireisland.com\/de\/wp-json\/wp\/v2\/pages\/5679"}],"wp:attachment":[{"href":"https:\/\/bonaireisland.com\/de\/wp-json\/wp\/v2\/media?parent=5680"}],"curies":[{"name":"wp","href":"https:\/\/api.w.org\/{rel}","templated":true}]}}