{"id":5673,"date":"2022-07-28T22:38:28","date_gmt":"2022-07-29T02:38:28","guid":{"rendered":"https:\/\/bonaireisland.com\/erlebnisse\/straende\/"},"modified":"2023-03-29T00:56:01","modified_gmt":"2023-03-29T04:56:01","slug":"straende","status":"publish","type":"page","link":"https:\/\/bonaireisland.com\/de\/erlebnisse\/straende\/","title":{"rendered":"Str\u00e4nde"},"content":{"rendered":"","protected":false},"excerpt":{"rendered":"","protected":false},"author":1,"featured_media":0,"parent":5662,"menu_order":0,"comment_status":"closed","ping_status":"closed","template":"","meta":{"_acf_changed":false,"_relevanssi_hide_post":"","_relevanssi_hide_content":"","_relevanssi_pin_for_all":"","_relevanssi_pin_keywords":"","_relevanssi_unpin_keywords":"","_relevanssi_related_keywords":"","_relevanssi_related_include_ids":"","_relevanssi_related_exclude_ids":"","_relevanssi_related_no_append":"","_relevanssi_related_not_related":"","_relevanssi_related_posts":"","_relevanssi_noindex_reason":"","footnotes":""},"class_list":["post-5673","page","type-page","status-publish","hentry"],"acf":[],"yoast_head":"<!-- This site is optimized with the Yoast SEO plugin v27.3 - https:\/\/yoast.com\/product\/yoast-seo-wordpress\/ -->\n<title>Str\u00e4nde | Island of Bonaire<\/title>\n<meta name=\"description\" content=\"Die Str\u00e4nde von Bonaire geh\u00f6ren zu den unber\u00fchrtesten der Welt! Erkunden Sie unsere wei\u00dfen Str\u00e4nde und das t\u00fcrkisfarbene Waser.\" \/>\n<meta name=\"robots\" content=\"index, follow, max-snippet:-1, max-image-preview:large, max-video-preview:-1\" \/>\n<link rel=\"canonical\" href=\"https:\/\/bonaireisland.com\/de\/erlebnisse\/straende\/\" \/>\n<meta property=\"og:locale\" content=\"de_DE\" \/>\n<meta property=\"og:type\" content=\"article\" \/>\n<meta property=\"og:title\" content=\"Str\u00e4nde | Island of Bonaire\" \/>\n<meta property=\"og:description\" content=\"Die Str\u00e4nde von Bonaire geh\u00f6ren zu den unber\u00fchrtesten der Welt! Erkunden Sie unsere wei\u00dfen Str\u00e4nde und das t\u00fcrkisfarbene Waser.\" \/>\n<meta property=\"og:url\" content=\"https:\/\/bonaireisland.com\/de\/erlebnisse\/straende\/\" \/>\n<meta property=\"og:site_name\" content=\"Island of Bonaire\" \/>\n<meta property=\"article:modified_time\" content=\"2023-03-29T04:56:01+00:00\" \/>\n<meta name=\"twitter:card\" content=\"summary_large_image\" \/>\n<script type=\"application\/ld+json\" class=\"yoast-schema-graph\">{\"@context\":\"https:\\\/\\\/schema.org\",\"@graph\":[{\"@type\":\"WebPage\",\"@id\":\"https:\\\/\\\/bonaireisland.com\\\/de\\\/erlebnisse\\\/straende\\\/\",\"url\":\"https:\\\/\\\/bonaireisland.com\\\/de\\\/erlebnisse\\\/straende\\\/\",\"name\":\"Str\u00e4nde | Island of Bonaire\",\"isPartOf\":{\"@id\":\"https:\\\/\\\/bonaireisland.com\\\/de\\\/#website\"},\"datePublished\":\"2022-07-29T02:38:28+00:00\",\"dateModified\":\"2023-03-29T04:56:01+00:00\",\"description\":\"Die Str\u00e4nde von Bonaire geh\u00f6ren zu den unber\u00fchrtesten der Welt! Erkunden Sie unsere wei\u00dfen Str\u00e4nde und das t\u00fcrkisfarbene Waser.\",\"breadcrumb\":{\"@id\":\"https:\\\/\\\/bonaireisland.com\\\/de\\\/erlebnisse\\\/straende\\\/#breadcrumb\"},\"inLanguage\":\"de-DE\",\"potentialAction\":[{\"@type\":\"ReadAction\",\"target\":[\"https:\\\/\\\/bonaireisland.com\\\/de\\\/erlebnisse\\\/straende\\\/\"]}]},{\"@type\":\"BreadcrumbList\",\"@id\":\"https:\\\/\\\/bonaireisland.com\\\/de\\\/erlebnisse\\\/straende\\\/#breadcrumb\",\"itemListElement\":[{\"@type\":\"ListItem\",\"position\":1,\"name\":\"Start\",\"item\":\"https:\\\/\\\/bonaireisland.com\\\/de\\\/\"},{\"@type\":\"ListItem\",\"position\":2,\"name\":\"Erlebnisse\",\"item\":\"https:\\\/\\\/bonaireisland.com\\\/de\\\/erlebnisse\\\/\"},{\"@type\":\"ListItem\",\"position\":3,\"name\":\"Str\u00e4nde\"}]},{\"@type\":\"WebSite\",\"@id\":\"https:\\\/\\\/bonaireisland.com\\\/de\\\/#website\",\"url\":\"https:\\\/\\\/bonaireisland.com\\\/de\\\/\",\"name\":\"Island of Bonaire\",\"description\":\"It&#039;s In Our Nature\",\"potentialAction\":[{\"@type\":\"SearchAction\",\"target\":{\"@type\":\"EntryPoint\",\"urlTemplate\":\"https:\\\/\\\/bonaireisland.com\\\/de\\\/?s={search_term_string}\"},\"query-input\":{\"@type\":\"PropertyValueSpecification\",\"valueRequired\":true,\"valueName\":\"search_term_string\"}}],\"inLanguage\":\"de-DE\"}]}<\/script>\n<!-- \/ Yoast SEO plugin. -->","yoast_head_json":{"title":"Str\u00e4nde | Island of Bonaire","description":"Die Str\u00e4nde von Bonaire geh\u00f6ren zu den unber\u00fchrtesten der Welt! Erkunden Sie unsere wei\u00dfen Str\u00e4nde und das t\u00fcrkisfarbene Waser.","robots":{"index":"index","follow":"follow","max-snippet":"max-snippet:-1","max-image-preview":"max-image-preview:large","max-video-preview":"max-video-preview:-1"},"canonical":"https:\/\/bonaireisland.com\/de\/erlebnisse\/straende\/","og_locale":"de_DE","og_type":"article","og_title":"Str\u00e4nde | Island of Bonaire","og_description":"Die Str\u00e4nde von Bonaire geh\u00f6ren zu den unber\u00fchrtesten der Welt! Erkunden Sie unsere wei\u00dfen Str\u00e4nde und das t\u00fcrkisfarbene Waser.","og_url":"https:\/\/bonaireisland.com\/de\/erlebnisse\/straende\/","og_site_name":"Island of Bonaire","article_modified_time":"2023-03-29T04:56:01+00:00","twitter_card":"summary_large_image","schema":{"@context":"https:\/\/schema.org","@graph":[{"@type":"WebPage","@id":"https:\/\/bonaireisland.com\/de\/erlebnisse\/straende\/","url":"https:\/\/bonaireisland.com\/de\/erlebnisse\/straende\/","name":"Str\u00e4nde | Island of Bonaire","isPartOf":{"@id":"https:\/\/bonaireisland.com\/de\/#website"},"datePublished":"2022-07-29T02:38:28+00:00","dateModified":"2023-03-29T04:56:01+00:00","description":"Die Str\u00e4nde von Bonaire geh\u00f6ren zu den unber\u00fchrtesten der Welt! Erkunden Sie unsere wei\u00dfen Str\u00e4nde und das t\u00fcrkisfarbene Waser.","breadcrumb":{"@id":"https:\/\/bonaireisland.com\/de\/erlebnisse\/straende\/#breadcrumb"},"inLanguage":"de-DE","potentialAction":[{"@type":"ReadAction","target":["https:\/\/bonaireisland.com\/de\/erlebnisse\/straende\/"]}]},{"@type":"BreadcrumbList","@id":"https:\/\/bonaireisland.com\/de\/erlebnisse\/straende\/#breadcrumb","itemListElement":[{"@type":"ListItem","position":1,"name":"Start","item":"https:\/\/bonaireisland.com\/de\/"},{"@type":"ListItem","position":2,"name":"Erlebnisse","item":"https:\/\/bonaireisland.com\/de\/erlebnisse\/"},{"@type":"ListItem","position":3,"name":"Str\u00e4nde"}]},{"@type":"WebSite","@id":"https:\/\/bonaireisland.com\/de\/#website","url":"https:\/\/bonaireisland.com\/de\/","name":"Island of Bonaire","description":"It&#039;s In Our Nature","potentialAction":[{"@type":"SearchAction","target":{"@type":"EntryPoint","urlTemplate":"https:\/\/bonaireisland.com\/de\/?s={search_term_string}"},"query-input":{"@type":"PropertyValueSpecification","valueRequired":true,"valueName":"search_term_string"}}],"inLanguage":"de-DE"}]}},"_links":{"self":[{"href":"https:\/\/bonaireisland.com\/de\/wp-json\/wp\/v2\/pages\/5673","targetHints":{"allow":["GET"]}}],"collection":[{"href":"https:\/\/bonaireisland.com\/de\/wp-json\/wp\/v2\/pages"}],"about":[{"href":"https:\/\/bonaireisland.com\/de\/wp-json\/wp\/v2\/types\/page"}],"author":[{"embeddable":true,"href":"https:\/\/bonaireisland.com\/de\/wp-json\/wp\/v2\/users\/1"}],"replies":[{"embeddable":true,"href":"https:\/\/bonaireisland.com\/de\/wp-json\/wp\/v2\/comments?post=5673"}],"version-history":[{"count":0,"href":"https:\/\/bonaireisland.com\/de\/wp-json\/wp\/v2\/pages\/5673\/revisions"}],"up":[{"embeddable":true,"href":"https:\/\/bonaireisland.com\/de\/wp-json\/wp\/v2\/pages\/5662"}],"wp:attachment":[{"href":"https:\/\/bonaireisland.com\/de\/wp-json\/wp\/v2\/media?parent=5673"}],"curies":[{"name":"wp","href":"https:\/\/api.w.org\/{rel}","templated":true}]}}