{"id":5671,"date":"2022-07-28T14:29:30","date_gmt":"2022-07-28T18:29:30","guid":{"rendered":"https:\/\/bonaireisland.com\/erlebnisse\/ausfluege\/"},"modified":"2022-07-28T14:29:30","modified_gmt":"2022-07-28T18:29:30","slug":"ausfluege","status":"publish","type":"page","link":"https:\/\/bonaireisland.com\/de\/erlebnisse\/ausfluege\/","title":{"rendered":"Ausfl\u00fcge"},"content":{"rendered":"","protected":false},"excerpt":{"rendered":"","protected":false},"author":1,"featured_media":0,"parent":5662,"menu_order":0,"comment_status":"closed","ping_status":"closed","template":"","meta":{"_acf_changed":false,"_relevanssi_hide_post":"","_relevanssi_hide_content":"","_relevanssi_pin_for_all":"","_relevanssi_pin_keywords":"","_relevanssi_unpin_keywords":"","_relevanssi_related_keywords":"","_relevanssi_related_include_ids":"","_relevanssi_related_exclude_ids":"","_relevanssi_related_no_append":"","_relevanssi_related_not_related":"","_relevanssi_related_posts":"","_relevanssi_noindex_reason":"","footnotes":""},"class_list":["post-5671","page","type-page","status-publish","hentry"],"acf":[],"yoast_head":"<!-- This site is optimized with the Yoast SEO plugin v27.3 - https:\/\/yoast.com\/product\/yoast-seo-wordpress\/ -->\n<title>Ausfl\u00fcge | Island of Bonaire<\/title>\n<meta name=\"description\" content=\"Lassen Sie sich von einem \u00f6rtlichen Tourveranstalter die Gegend zeigen. Auf Bonaire k\u00f6nnen Sie Tauch- und Windsurftouren, Rundfahrten und noch viel mehr unternehmen!\" \/>\n<meta name=\"robots\" content=\"index, follow, max-snippet:-1, max-image-preview:large, max-video-preview:-1\" \/>\n<link rel=\"canonical\" href=\"https:\/\/bonaireisland.com\/de\/erlebnisse\/ausfluege\/\" \/>\n<meta property=\"og:locale\" content=\"de_DE\" \/>\n<meta property=\"og:type\" content=\"article\" \/>\n<meta property=\"og:title\" content=\"Ausfl\u00fcge | Island of Bonaire\" \/>\n<meta property=\"og:description\" content=\"Lassen Sie sich von einem \u00f6rtlichen Tourveranstalter die Gegend zeigen. Auf Bonaire k\u00f6nnen Sie Tauch- und Windsurftouren, Rundfahrten und noch viel mehr unternehmen!\" \/>\n<meta property=\"og:url\" content=\"https:\/\/bonaireisland.com\/de\/erlebnisse\/ausfluege\/\" \/>\n<meta property=\"og:site_name\" content=\"Island of Bonaire\" \/>\n<meta name=\"twitter:card\" content=\"summary_large_image\" \/>\n<script type=\"application\/ld+json\" class=\"yoast-schema-graph\">{\"@context\":\"https:\\\/\\\/schema.org\",\"@graph\":[{\"@type\":\"WebPage\",\"@id\":\"https:\\\/\\\/bonaireisland.com\\\/de\\\/erlebnisse\\\/ausfluege\\\/\",\"url\":\"https:\\\/\\\/bonaireisland.com\\\/de\\\/erlebnisse\\\/ausfluege\\\/\",\"name\":\"Ausfl\u00fcge | Island of Bonaire\",\"isPartOf\":{\"@id\":\"https:\\\/\\\/bonaireisland.com\\\/de\\\/#website\"},\"datePublished\":\"2022-07-28T18:29:30+00:00\",\"description\":\"Lassen Sie sich von einem \u00f6rtlichen Tourveranstalter die Gegend zeigen. Auf Bonaire k\u00f6nnen Sie Tauch- und Windsurftouren, Rundfahrten und noch viel mehr unternehmen!\",\"breadcrumb\":{\"@id\":\"https:\\\/\\\/bonaireisland.com\\\/de\\\/erlebnisse\\\/ausfluege\\\/#breadcrumb\"},\"inLanguage\":\"de-DE\",\"potentialAction\":[{\"@type\":\"ReadAction\",\"target\":[\"https:\\\/\\\/bonaireisland.com\\\/de\\\/erlebnisse\\\/ausfluege\\\/\"]}]},{\"@type\":\"BreadcrumbList\",\"@id\":\"https:\\\/\\\/bonaireisland.com\\\/de\\\/erlebnisse\\\/ausfluege\\\/#breadcrumb\",\"itemListElement\":[{\"@type\":\"ListItem\",\"position\":1,\"name\":\"Start\",\"item\":\"https:\\\/\\\/bonaireisland.com\\\/de\\\/\"},{\"@type\":\"ListItem\",\"position\":2,\"name\":\"Erlebnisse\",\"item\":\"https:\\\/\\\/bonaireisland.com\\\/de\\\/erlebnisse\\\/\"},{\"@type\":\"ListItem\",\"position\":3,\"name\":\"Ausfl\u00fcge\"}]},{\"@type\":\"WebSite\",\"@id\":\"https:\\\/\\\/bonaireisland.com\\\/de\\\/#website\",\"url\":\"https:\\\/\\\/bonaireisland.com\\\/de\\\/\",\"name\":\"Island of Bonaire\",\"description\":\"It&#039;s In Our Nature\",\"potentialAction\":[{\"@type\":\"SearchAction\",\"target\":{\"@type\":\"EntryPoint\",\"urlTemplate\":\"https:\\\/\\\/bonaireisland.com\\\/de\\\/?s={search_term_string}\"},\"query-input\":{\"@type\":\"PropertyValueSpecification\",\"valueRequired\":true,\"valueName\":\"search_term_string\"}}],\"inLanguage\":\"de-DE\"}]}<\/script>\n<!-- \/ Yoast SEO plugin. -->","yoast_head_json":{"title":"Ausfl\u00fcge | Island of Bonaire","description":"Lassen Sie sich von einem \u00f6rtlichen Tourveranstalter die Gegend zeigen. Auf Bonaire k\u00f6nnen Sie Tauch- und Windsurftouren, Rundfahrten und noch viel mehr unternehmen!","robots":{"index":"index","follow":"follow","max-snippet":"max-snippet:-1","max-image-preview":"max-image-preview:large","max-video-preview":"max-video-preview:-1"},"canonical":"https:\/\/bonaireisland.com\/de\/erlebnisse\/ausfluege\/","og_locale":"de_DE","og_type":"article","og_title":"Ausfl\u00fcge | Island of Bonaire","og_description":"Lassen Sie sich von einem \u00f6rtlichen Tourveranstalter die Gegend zeigen. Auf Bonaire k\u00f6nnen Sie Tauch- und Windsurftouren, Rundfahrten und noch viel mehr unternehmen!","og_url":"https:\/\/bonaireisland.com\/de\/erlebnisse\/ausfluege\/","og_site_name":"Island of Bonaire","twitter_card":"summary_large_image","schema":{"@context":"https:\/\/schema.org","@graph":[{"@type":"WebPage","@id":"https:\/\/bonaireisland.com\/de\/erlebnisse\/ausfluege\/","url":"https:\/\/bonaireisland.com\/de\/erlebnisse\/ausfluege\/","name":"Ausfl\u00fcge | Island of Bonaire","isPartOf":{"@id":"https:\/\/bonaireisland.com\/de\/#website"},"datePublished":"2022-07-28T18:29:30+00:00","description":"Lassen Sie sich von einem \u00f6rtlichen Tourveranstalter die Gegend zeigen. Auf Bonaire k\u00f6nnen Sie Tauch- und Windsurftouren, Rundfahrten und noch viel mehr unternehmen!","breadcrumb":{"@id":"https:\/\/bonaireisland.com\/de\/erlebnisse\/ausfluege\/#breadcrumb"},"inLanguage":"de-DE","potentialAction":[{"@type":"ReadAction","target":["https:\/\/bonaireisland.com\/de\/erlebnisse\/ausfluege\/"]}]},{"@type":"BreadcrumbList","@id":"https:\/\/bonaireisland.com\/de\/erlebnisse\/ausfluege\/#breadcrumb","itemListElement":[{"@type":"ListItem","position":1,"name":"Start","item":"https:\/\/bonaireisland.com\/de\/"},{"@type":"ListItem","position":2,"name":"Erlebnisse","item":"https:\/\/bonaireisland.com\/de\/erlebnisse\/"},{"@type":"ListItem","position":3,"name":"Ausfl\u00fcge"}]},{"@type":"WebSite","@id":"https:\/\/bonaireisland.com\/de\/#website","url":"https:\/\/bonaireisland.com\/de\/","name":"Island of Bonaire","description":"It&#039;s In Our Nature","potentialAction":[{"@type":"SearchAction","target":{"@type":"EntryPoint","urlTemplate":"https:\/\/bonaireisland.com\/de\/?s={search_term_string}"},"query-input":{"@type":"PropertyValueSpecification","valueRequired":true,"valueName":"search_term_string"}}],"inLanguage":"de-DE"}]}},"_links":{"self":[{"href":"https:\/\/bonaireisland.com\/de\/wp-json\/wp\/v2\/pages\/5671","targetHints":{"allow":["GET"]}}],"collection":[{"href":"https:\/\/bonaireisland.com\/de\/wp-json\/wp\/v2\/pages"}],"about":[{"href":"https:\/\/bonaireisland.com\/de\/wp-json\/wp\/v2\/types\/page"}],"author":[{"embeddable":true,"href":"https:\/\/bonaireisland.com\/de\/wp-json\/wp\/v2\/users\/1"}],"replies":[{"embeddable":true,"href":"https:\/\/bonaireisland.com\/de\/wp-json\/wp\/v2\/comments?post=5671"}],"version-history":[{"count":0,"href":"https:\/\/bonaireisland.com\/de\/wp-json\/wp\/v2\/pages\/5671\/revisions"}],"up":[{"embeddable":true,"href":"https:\/\/bonaireisland.com\/de\/wp-json\/wp\/v2\/pages\/5662"}],"wp:attachment":[{"href":"https:\/\/bonaireisland.com\/de\/wp-json\/wp\/v2\/media?parent=5671"}],"curies":[{"name":"wp","href":"https:\/\/api.w.org\/{rel}","templated":true}]}}